{"id":28,"date":"2026-02-03T15:43:15","date_gmt":"2026-02-03T15:43:15","guid":{"rendered":"https:\/\/blog.maximilianporzelt.de\/?page_id=28"},"modified":"2026-02-03T15:46:52","modified_gmt":"2026-02-03T15:46:52","slug":"datenschutzerklaerung","status":"publish","type":"page","link":"https:\/\/blog.maximilianporzelt.de\/index.php\/datenschutzerklaerung\/","title":{"rendered":"Datenschutzerkl\u00e4rung"},"content":{"rendered":"\n<h3 class=\"wp-block-heading\">1. Datenschutz auf einen Blick<\/h3>\n\n\n\n<p><strong>Allgemeine Hinweise<\/strong>&nbsp;Die folgenden Hinweise geben einen einfachen \u00dcberblick dar\u00fcber, was mit Ihren personenbezogenen Daten passiert, wenn Sie diese Website besuchen. Personenbezogene Daten sind alle Daten, mit denen Sie pers\u00f6nlich identifiziert werden k\u00f6nnen.<\/p>\n\n\n\n<h3 class=\"wp-block-heading\">2. Verantwortlicher<\/h3>\n\n\n\n<p>Der Verantwortliche f\u00fcr die Datenverarbeitung auf dieser Website ist: Maximilian Porzelt Andreas-Limmer-Stra\u00dfe 33 96317 Kronach E-Mail: maximilian.porzelt@yahoo.com<\/p>\n\n\n\n<h3 class=\"wp-block-heading\">3. Datenerfassung auf dieser Website<\/h3>\n\n\n\n<p><strong>Server-Log-Dateien<\/strong>&nbsp;Der Provider der Seiten erhebt und speichert automatisch Informationen in sogenannten Server-Log-Dateien, die Ihr Browser automatisch an uns \u00fcbermittelt. Dies sind:<\/p>\n\n\n\n<ul class=\"wp-block-list\">\n<li>Browsertyp und Browserversion<\/li>\n\n\n\n<li>verwendetes Betriebssystem<\/li>\n\n\n\n<li>Referrer URL<\/li>\n\n\n\n<li>Hostname des zugreifenden Rechners<\/li>\n\n\n\n<li>Uhrzeit der Serveranfrage<\/li>\n\n\n\n<li>IP-Adresse<\/li>\n<\/ul>\n\n\n\n<p>Diese Daten werden nicht mit anderen Datenquellen zusammengef\u00fchrt. Grundlage f\u00fcr die Datenverarbeitung ist Art.&nbsp;6 Abs. 1 lit. f DSGVO, der die Verarbeitung von Daten zur Erf\u00fcllung eines Vertrags oder vorvertraglicher Ma\u00dfnahmen gestattet.<sup><\/sup><\/p>\n\n\n\n<p><strong>Kontaktformular \/ E-Mail-Anfragen<sup><\/sup><\/strong>&nbsp;Wenn Sie mir per E-Mail oder Kontaktformular Anfragen z<sup><\/sup>ukommen lassen, werden Ihre Angaben aus der Anfrage inklusive der von Ihnen dort angegebenen Kontaktdaten zwecks Bearbeitung der Anfrage und f\u00fcr den Fall von Anschlussfragen bei mir gespeichert. Diese Daten gebe ich nicht ohne Ihre Einwilligung weiter.<\/p>\n\n\n\n<p><strong>SSL- bzw. TLS-Verschl\u00fcsselung<\/strong>\u00a0Diese Seite nutzt aus Sicherheitsgr\u00fcnden und zum Schutz der \u00dcbertragung vertraulicher Inhalte, wie zum Beispiel Anfragen, die Sie an mich als Seitenbetreiber senden, eine SSL- bzw. TLS-Verschl\u00fcsselung. Eine verschl\u00fcsselte Verbindung erkennen Sie daran, dass die Adresszeile des Browsers von \u201ehttp:\/\/\u201c auf \u201ehttps:\/\/\u201c wechselt und an dem Schloss-Symbol in Ihrer Browserzeile<\/p>\n\n\n\n<h3 class=\"wp-block-heading\">4. Cookies<\/h3>\n\n\n\n<p>Diese Website verwendet teilweise so genannte Cookies. Cookies richten auf&nbsp;Ihrem Rechner keinen Schaden an und enthalten keine Viren. Cookies dienen dazu, unser Angebot nutzerfreundlicher, effektiver und sicherer zu machen. Cookies sind kleine Textdateien, die auf Ihrem Rechner abgelegt werden und die Ihr Browse<sup><\/sup>r speichert. Die meisten der von uns verwendeten Cookies sind sogenannte \u201eSession-Cookies\u201c. Sie werden nach Ende Ihres Besuchs automatisch gel\u00f6scht. Andere Cookies bleiben auf Ihrem Endger\u00e4t gespeichert, bis Sie diese l\u00f6schen.<\/p>\n\n\n\n<h3 class=\"wp-block-heading\">5. Ihre Rechte als betroffene Person<\/h3>\n\n\n\n<p>Sie haben jederzeit das Recht:<\/p>\n\n\n\n<ul class=\"wp-block-list\">\n<li><strong>Auskunft<\/strong>&nbsp;\u00fcber Ihre bei mir gespeicherten personenbezogenen Daten zu erhalten (Art. 15 DSGVO).<\/li>\n\n\n\n<li>Die&nbsp;<strong>Berichtigung<\/strong>&nbsp;unrichtiger oder Vervollst\u00e4ndigung Ihrer Daten zu verlangen (Art. 16 DSGVO).<\/li>\n\n\n\n<li>Die&nbsp;<strong>L\u00f6schung<\/strong>&nbsp;Ihrer bei mir gespeicherten Daten zu verlangen (Art. 17 DSGVO).<\/li>\n\n\n\n<li>Ihre einmal erteilte&nbsp;<strong>Einwilligung<\/strong>&nbsp;jederzeit&nbsp;gegen\u00fcber mir zu&nbsp;<strong>widerrufen<\/strong>&nbsp;(Art. 7 Abs. 3 DSGVO).<\/li>\n\n\n\n<li>Sich bei einer&nbsp;<strong>Aufsichtsbeh\u00f6rde zu beschweren<\/strong>&nbsp;(Art. 77 DSGVO).<\/li>\n<\/ul>\n","protected":false},"excerpt":{"rendered":"<p>1. Datenschutz auf einen Blick Allgemeine Hinweise&nbsp;Die folgenden Hinweise geben einen einfachen \u00dcberblick dar\u00fcber, was mit Ihren personenbezogenen Daten passiert, wenn Sie diese Website besuchen. Personenbezogene Daten sind alle Daten, mit denen Sie pers\u00f6nlich identifiziert werden k\u00f6nnen. 2. Verantwortlicher Der Verantwortliche f\u00fcr die Datenverarbeitung auf dieser Website ist: Maximilian Porzelt Andreas-Limmer-Stra\u00dfe 33 96317 Kronach E-Mail: [&hellip;]<\/p>\n","protected":false},"author":1,"featured_media":0,"parent":0,"menu_order":0,"comment_status":"closed","ping_status":"closed","template":"","meta":{"footnotes":""},"class_list":["post-28","page","type-page","status-publish","hentry"],"_links":{"self":[{"href":"https:\/\/blog.maximilianporzelt.de\/index.php\/wp-json\/wp\/v2\/pages\/28","targetHints":{"allow":["GET"]}}],"collection":[{"href":"https:\/\/blog.maximilianporzelt.de\/index.php\/wp-json\/wp\/v2\/pages"}],"about":[{"href":"https:\/\/blog.maximilianporzelt.de\/index.php\/wp-json\/wp\/v2\/types\/page"}],"author":[{"embeddable":true,"href":"https:\/\/blog.maximilianporzelt.de\/index.php\/wp-json\/wp\/v2\/users\/1"}],"replies":[{"embeddable":true,"href":"https:\/\/blog.maximilianporzelt.de\/index.php\/wp-json\/wp\/v2\/comments?post=28"}],"version-history":[{"count":4,"href":"https:\/\/blog.maximilianporzelt.de\/index.php\/wp-json\/wp\/v2\/pages\/28\/revisions"}],"predecessor-version":[{"id":33,"href":"https:\/\/blog.maximilianporzelt.de\/index.php\/wp-json\/wp\/v2\/pages\/28\/revisions\/33"}],"wp:attachment":[{"href":"https:\/\/blog.maximilianporzelt.de\/index.php\/wp-json\/wp\/v2\/media?parent=28"}],"curies":[{"name":"wp","href":"https:\/\/api.w.org\/{rel}","templated":true}]}}